{"id":23,"date":"2020-05-16T11:39:30","date_gmt":"2020-05-16T09:39:30","guid":{"rendered":"https:\/\/www.sigeric.it\/bike\/?page_id=23"},"modified":"2026-03-04T21:36:09","modified_gmt":"2026-03-04T20:36:09","slug":"info","status":"publish","type":"page","link":"https:\/\/www.sigeric.it\/bike\/info\/","title":{"rendered":"Info"},"content":{"rendered":"\n<h2 class=\"wp-block-heading has-large-font-size\">Noleggio E-Bike in Lunigiana &#8211; Toscana, per esplorare colline, borghi e castelli in libert\u00e0!<\/h2>\n\n\n\n<p>Sigeric dispone di numerose E-Bike e E-MTB per esplorare il comprensorio cicloturistico della <strong>Lunigiana Bike Area<\/strong> e la <strong>Ciclovia dei Castelli <\/strong>nel nord della Toscana. Puoi noleggiare la tua E-Bike tutti i giorni nel nostro <strong>Bike center di Filattiera<\/strong> &#8211; loc. Pieve di Sorano, per esplorare in libert\u00e0 borghi, boschi e colline della Lunigiana &#8211; Toscana, nel Parco Nazionale dell&#8217;Appennino Tosco Emiliano.<\/p>\n\n\n\n<p>Leggi tutte le informazioni, <a href=\"https:\/\/www.sigeric.it\/bike\/prenota\/\" data-type=\"page\" data-id=\"101\">clicca qui <\/a>per completare la tua prenotazione.<\/p>\n\n\n\n<p class=\"has-large-font-size\"><strong><em>Cos\u2019\u00e8 una E-Bike?<\/em><\/strong><\/p>\n\n\n\n<p>Le e-bike sono normali bici da strada o mtb, tutte dotate di marce e di assistenza motore che renderanno possibile, anche alle persone meno allenate, percorrere interessanti itinerari in Lunigiana e nel Parco. Con le nostre E-Bike, biciclette a pedalata assistita, \u00e8 pi\u00f9 facile esplorare la Lunigiana \u2013 Toscana in libert\u00e0: qui, infatti, puoi pedalare tra sue colline, borghi e boschi, ma anche tra i sentieri pi\u00f9 avventurosi della Lunigiana Bike Area.<\/p>\n\n\n\n<p class=\"has-luminous-vivid-orange-color has-text-color has-link-color has-large-font-size wp-elements-3c869b75bd9aed8cb534d82a056c8bfd\"><strong>Quando:<\/strong><\/p>\n\n\n\n<p>Il Bike Center di Filattiera \u00e8 aperto tutti i fine settimana, da Aprile ad Ottobre, e i festivi nei seguenti orari:<\/p>\n\n\n\n<ul class=\"wp-block-list\">\n<li>Mattina: dalle ore 8:30 alle ore 12:30;<\/li>\n\n\n\n<li>Pomeriggio: dalle ore 14:00 alle ore 18:00;<\/li>\n<\/ul>\n\n\n\n<p>dal luned\u00ec al venerd\u00ec il bike center sar\u00e0 aperto solamente su prenotazione, concordando un orario di ritiro delle biciclette.<\/p>\n\n\n\n<p>La prenotazione \u00e8 consigliata dal momento che le biciclette saranno noleggiate fino ad esaurimento della disponibilit\u00e0.<\/p>\n\n\n\n<p class=\"has-luminous-vivid-orange-color has-text-color has-link-color has-large-font-size wp-elements-dac7a3e3babe10057f85bf2714aefc5c\"><strong>Dove:<\/strong><\/p>\n\n\n\n<ul class=\"wp-block-list\">\n<li>Punto Informazioni Turistiche di Sorano \u2013 Filattiera (accanto alla Pieve Romanica) \u2013 aperto tutti i fine settimana e festivi da Aprile ad Ottobre e su richiesta negli altri giorni;<\/li>\n\n\n\n<li>Sigeric Point, Via Ricci Armani 10, 54027, Pontremoli (MS) (A richiesta)<\/li>\n\n\n\n<li>Punto Informazioni Turistiche di Bagnone, Piazza Roma (a richiesta).<\/li>\n<\/ul>\n\n\n\n<p class=\"has-luminous-vivid-orange-color has-text-color has-link-color has-large-font-size wp-elements-e2d9eddadae7eaa6d10898e8c5371862\"><strong>Cosa \u00e8 possibile noleggiare:<\/strong><\/p>\n\n\n\n<p>E-bikes di differente qualit\u00e0 (bici a pedalata assistita), seggiolini anteriori e posteriori (bambini 1-4 anni), cammellini (bambini 4-7 anni), carrellini (bambini 2-5 anni), 24\u2033 bike (7-12 anni). In aggiunta vengono forniti accessori quali lucchetti \u2013 caschi \u2013 borse laterali.<\/p>\n\n\n\n<p class=\"has-luminous-vivid-orange-color has-text-color has-link-color has-large-font-size wp-elements-215c4fbe7796ef82f75d490f192326f9\"><strong>Per quanto tempo:<\/strong><\/p>\n\n\n\n<p>Puoi noleggiare la tua E-Bike o E-MTB per scoprire la Lunigiana Bike Area dal mattino alle 8.30 al pomeriggio alle 18.30. Le modalit\u00e0 di noleggio sono le seguenti:<\/p>\n\n\n\n<ul class=\"wp-block-list\">\n<li>Mezza giornata ( fino a 4 ore) 8.30 \u2013 12.30 o 14 \u2013 18<\/li>\n\n\n\n<li>giornata intera (4+ ore) dalle 8.30 alle 18<\/li>\n\n\n\n<li>pi\u00f9 giorni fino a un massimo di 3, ritiro e consegna tra le 8.30 e le 18<\/li>\n<\/ul>\n\n\n\n<p class=\"has-luminous-vivid-orange-color has-text-color has-link-color has-large-font-size wp-elements-7cc146cf62c50eb798287d18eda2a25c\"><strong>Come:<\/strong><\/p>\n\n\n\n<p>Prenota la tua E-Bike (in base a disponibilit\u00e0 bici) con anticipo minimo di 24h (per esempio entro le 10 am per partire alle 10 am del giorno successivo) al nostro numero segreteria +<strong>39 331 8866241, via e-mail a info@sigeric.it , oppure <a href=\"https:\/\/www.sigeric.it\/bike\/prenota\/\" data-type=\"page\" data-id=\"101\">compilando il form qui<\/a><\/strong><\/p>\n\n\n\n<p class=\"has-luminous-vivid-orange-color has-text-color has-link-color has-large-font-size wp-elements-57b4e8ae9e2030269dd8f007c8d9a77b\"><strong>Tariffe:<\/strong><\/p>\n\n\n\n<p>Il prezzo del noleggio E-Bike varia a seconda della tipologia di bici e del tempo di utilizzao.<\/p>\n\n\n\n<ul class=\"wp-block-list\">\n<li><strong>E-Mtb Front:<\/strong> Mezza giornata (fino a 4h) 20 euro \u2013 Giornata intera 40 euro<\/li>\n\n\n\n<li><strong>E- Mtb Full:<\/strong> Mezza giornata (fino a 4h) 30 euro \u2013 Giornata intera 50 euro<\/li>\n\n\n\n<li><strong>Cammellino\/TrailBike \u2013 Carrellino\/BikeTrailer:<\/strong> Mezza giornata (fino a 4h) 4 euro \u2013 Giornata intera 8 euro<\/li>\n\n\n\n<li><strong>Seggiolino\/ChildSeat:<\/strong> Mezza giornata (fino a 4h) 2 euro \u2013 Giornata intera 3 euro<\/li>\n<\/ul>\n\n\n\n<p>Ora che hai tutte le informazioni, <a href=\"https:\/\/www.sigeric.it\/bike\/prenota\/\" data-type=\"page\" data-id=\"101\">clicca qui <\/a>per completare la tua prenotazione.<\/p>\n\n\n\n<hr class=\"wp-block-separator has-alpha-channel-opacity is-style-wide\" style=\"margin-top:var(--wp--preset--spacing--40);margin-bottom:var(--wp--preset--spacing--40)\"\/>\n\n\n\n<h2 class=\"wp-block-heading has-large-font-size\">Speciale per le strutture ricettive<\/h2>\n\n\n\n<p><strong>\u00c8 possibile prenotare la consegna delle biciclette presso la vostra struttura di ricezione, con noleggio minimo di una giornata intera (ci\u00f2 significa che il servizio \u201ca domicilio\u201d non \u00e8 realizzato per noleggio di mezza giornata<\/strong>).<\/p>\n\n\n\n<hr class=\"wp-block-separator has-alpha-channel-opacity is-style-wide\" style=\"margin-top:var(--wp--preset--spacing--40);margin-bottom:var(--wp--preset--spacing--40)\"\/>\n\n\n\n<h2 class=\"wp-block-heading\">FAQ<\/h2>\n\n\n\n<p><strong>\u00c8 possibile per una struttura ricettiva noleggiare le e-bikes per un periodo medio-lungo e tenerle presso la propria struttura?<\/strong><br>Al momento \u00e8 possibile noleggiare le e-bike solo per brevi periodi, da un minimo di 1 a un massimo di 3 giorni. Per periodi pi\u00f9 lunghi \u00e8 necessario accordarsi preventivamente con la nostra segreteria.<\/p>\n\n\n\n<p><strong>\u00c8 garantita l\u2019assistenza meccanica ?<\/strong><br>In caso di guasto \u00e8 garantito l\u2019intervento del nostro staff per le partenze in bici da Filattiera e per i servizi a domicilio entro 40 km dalla nostra sede.<\/p>\n\n\n\n<p><strong>\u00c8 possibile ritirare in autonomia le biciclette da Filattiera e caricarle su mezzi propri?<\/strong><br>No, non \u00e8 possibile caricare le biciclette su mezzi propri. Con Noleggio da Filattiera \u00e8 possibile solo partire in sella alla bici. Diversamente \u00e8 necessario utilizzare il servizio a domicilio.<\/p>\n\n\n\n<p><\/p>\n\n\n\n<h2 class=\"wp-block-heading\">Informazioni importanti:<\/h2>\n\n\n\n<ol class=\"wp-block-list\">\n<li>Il materiale non \u00e8 assicurato, in caso di rottura o di furto oppure di perimento il materiale in oggetto sar\u00e0 addebitato al locatario secondo il valore di mercato<\/li>\n\n\n\n<li>\u00c8 possibile versare una quota aggiuntiva di 15 \u20ac a bicicletta come \u201ccopertura dei danni accidentali\u201d, che copre rotture accidentali e non cagionate volontariamente. Si specifica che il furto non \u00e8 oggetto di copertura<\/li>\n\n\n\n<li>In caso di mancato versamento della quota sopra descritta, in caso di rottura il danno sar\u00e0 addebitato al locatario secondo il valore di mercato.<\/li>\n\n\n\n<li>In caso di furto il locatario \u00e8 obbligato ad esporre denuncia presso le forze dell\u2019ordine competenti ed \u00e8 obbligato a risarcire completamente il noleggiatore secondo il valore di mercato<\/li>\n<\/ol>\n\n\n\n<p><\/p>\n","protected":false},"excerpt":{"rendered":"<p>Noleggio E-Bike in Lunigiana &#8211; Toscana, per esplorare colline, borghi e castelli in libert\u00e0! Sigeric dispone di numerose E-Bike e E-MTB per esplorare il comprensorio cicloturistico della Lunigiana Bike Area e la Ciclovia dei Castelli nel nord della Toscana. Puoi noleggiare la tua E-Bike tutti i giorni nel nostro Bike center di Filattiera &#8211; loc. [&hellip;]<\/p>\n","protected":false},"author":1,"featured_media":0,"parent":0,"menu_order":0,"comment_status":"closed","ping_status":"closed","template":"","meta":{"footnotes":""},"class_list":["post-23","page","type-page","status-publish","hentry","zita-woo-hover-","zita-shadow-","zita-shadow-hover-","zita-single-product-content-left","zita-single-product-tab-"],"_links":{"self":[{"href":"https:\/\/www.sigeric.it\/bike\/wp-json\/wp\/v2\/pages\/23","targetHints":{"allow":["GET"]}}],"collection":[{"href":"https:\/\/www.sigeric.it\/bike\/wp-json\/wp\/v2\/pages"}],"about":[{"href":"https:\/\/www.sigeric.it\/bike\/wp-json\/wp\/v2\/types\/page"}],"author":[{"embeddable":true,"href":"https:\/\/www.sigeric.it\/bike\/wp-json\/wp\/v2\/users\/1"}],"replies":[{"embeddable":true,"href":"https:\/\/www.sigeric.it\/bike\/wp-json\/wp\/v2\/comments?post=23"}],"version-history":[{"count":10,"href":"https:\/\/www.sigeric.it\/bike\/wp-json\/wp\/v2\/pages\/23\/revisions"}],"predecessor-version":[{"id":535,"href":"https:\/\/www.sigeric.it\/bike\/wp-json\/wp\/v2\/pages\/23\/revisions\/535"}],"wp:attachment":[{"href":"https:\/\/www.sigeric.it\/bike\/wp-json\/wp\/v2\/media?parent=23"}],"curies":[{"name":"wp","href":"https:\/\/api.w.org\/{rel}","templated":true}]}}